{"id":7778,"date":"2014-04-23T10:38:38","date_gmt":"2014-04-23T10:38:38","guid":{"rendered":"https:\/\/vip-restaurant.vamtam.com\/?page_id=7778"},"modified":"2023-02-10T15:24:03","modified_gmt":"2023-02-10T15:24:03","slug":"chi-siamo","status":"publish","type":"page","link":"https:\/\/shakerbar.it\/index.php\/chi-siamo\/","title":{"rendered":"Chi Siamo"},"content":{"rendered":"<div class=\"row \"><div class=\"vamtam-grid grid-1-1  vamtam-first-level grid-1-1  first vamtam-cover-bg has-background extended no-extended-padding\" style=\"\n\t\t\t\tbackground: url( &#039;http:\/\/shakerbar.it\/wp-content\/uploads\/2022\/03\/Shaker12HOME-1.jpg&#039; )  ;\n\t\t\t\tbackground-size: cover;\n\t\t\tbackground-attachment: fixed;background-color:#292929;padding-top:0.05px;padding-bottom:0.05px;\" id=\"vamtam-column-1e0f39601e198cce64553ed5974f428f\"  data-padding-top=\"-1\" data-padding-bottom=\"-1\"><div class=\"limit-wrapper\"><div class=\"extended-column-inner\"><style>#vamtam-column-1e0f39601e198cce64553ed5974f428f,#vamtam-column-1e0f39601e198cce64553ed5974f428f p,#vamtam-column-1e0f39601e198cce64553ed5974f428f em,#vamtam-column-1e0f39601e198cce64553ed5974f428f h1,#vamtam-column-1e0f39601e198cce64553ed5974f428f h2,#vamtam-column-1e0f39601e198cce64553ed5974f428f h3,#vamtam-column-1e0f39601e198cce64553ed5974f428f h4,#vamtam-column-1e0f39601e198cce64553ed5974f428f h5,#vamtam-column-1e0f39601e198cce64553ed5974f428f h6,#vamtam-column-1e0f39601e198cce64553ed5974f428f h1 a:not(:hover),#vamtam-column-1e0f39601e198cce64553ed5974f428f h2 a:not(:hover),#vamtam-column-1e0f39601e198cce64553ed5974f428f h3 a:not(:hover),#vamtam-column-1e0f39601e198cce64553ed5974f428f h4 a:not(:hover),#vamtam-column-1e0f39601e198cce64553ed5974f428f h5 a:not(:hover),#vamtam-column-1e0f39601e198cce64553ed5974f428f h6 a:not(:hover),#vamtam-column-1e0f39601e198cce64553ed5974f428f .column-title,#vamtam-column-1e0f39601e198cce64553ed5974f428f .sep-text h2.regular-title-wrapper,#vamtam-column-1e0f39601e198cce64553ed5974f428f .text-divider-double,#vamtam-column-1e0f39601e198cce64553ed5974f428f .sep-text .sep-text-line,#vamtam-column-1e0f39601e198cce64553ed5974f428f .sep,#vamtam-column-1e0f39601e198cce64553ed5974f428f .sep-2,#vamtam-column-1e0f39601e198cce64553ed5974f428f .sep-3,#vamtam-column-1e0f39601e198cce64553ed5974f428f .portfolio-filters .inner-wrapper .cbp-filter-item,#vamtam-column-1e0f39601e198cce64553ed5974f428f .portfolio-filters .inner-wrapper .cbp-filter-item:hover,#vamtam-column-1e0f39601e198cce64553ed5974f428f .portfolio-filters .inner-wrapper .cbp-filter-item.cbp-filter-item-active,#vamtam-column-1e0f39601e198cce64553ed5974f428f td,#vamtam-column-1e0f39601e198cce64553ed5974f428f th,#vamtam-column-1e0f39601e198cce64553ed5974f428f caption{color:#f5f5f5;}<\/style><div class=\"row \"><div class=\"vamtam-grid grid-1-1  grid-1-1  first unextended no-extended-padding\" style=\"padding-top:0.05px;padding-bottom:0.05px;\" id=\"vamtam-column-1333296a018981ce48171d9148194fe6\" ><h1 style=\"text-align: center;\">Baristi per Passione da due Generazioni<\/h1>\n<h4 style=\"text-align: center;\">La tradizione iniziata da Michele e Marianna portata avanti da Dominic e Katia<\/h4>\n<p><a class=\"vamtam-animated-page-scroll\" href=\"#intro\"><img decoding=\"async\" class=\"aligncenter size-large wp-image-11807\" src=\"http:\/\/shakerbar.it\/wp-content\/themes\/vip-restaurant\/samples\/images\/arrow-long-down.svg\" alt=\"arrow-long-down\" \/><\/a><\/p><\/div><\/div><\/div><\/div><\/div><\/div>\n<div class=\"row \"><div class=\"vamtam-grid grid-1-1  vamtam-first-level grid-1-1 vamtam-add-ornaments-top first has-background has-horizontal-padding extended no-extended-padding\" style=\"background-color:#F5F3F0;padding-top:60px;padding-bottom:70px;padding-left:225px;padding-right:225px;\" id=\"intro\" ><div class=\"limit-wrapper\"><div class=\"extended-column-inner\"><style>#intro,#intro p,#intro em,#intro h1,#intro h2,#intro h3,#intro h4,#intro h5,#intro h6,#intro h1 a:not(:hover),#intro h2 a:not(:hover),#intro h3 a:not(:hover),#intro h4 a:not(:hover),#intro h5 a:not(:hover),#intro h6 a:not(:hover),#intro .column-title,#intro .sep-text h2.regular-title-wrapper,#intro .text-divider-double,#intro .sep-text .sep-text-line,#intro .sep,#intro .sep-2,#intro .sep-3,#intro .portfolio-filters .inner-wrapper .cbp-filter-item,#intro .portfolio-filters .inner-wrapper .cbp-filter-item:hover,#intro .portfolio-filters .inner-wrapper .cbp-filter-item.cbp-filter-item-active,#intro td,#intro th,#intro caption{color:#272727;}#intro:before{background-color:#f5f3f0;}<\/style><div class=\"row \"><div class=\"vamtam-grid grid-1-1  grid-1-1  first unextended no-extended-padding\" style=\"padding-top:0.05px;padding-bottom:0.05px;\" id=\"vamtam-column-b3f88ded04c709d8b0f97a8a95b26e00\" ><p style=\"text-align: center;\">\u2748<\/p><\/div><\/div>\n<div class=\"vamtam-blank-space  vamtam-hide-lowres\" style=\"height:20px\"><\/div>\n<div class=\"row \"><div class=\"vamtam-grid grid-1-1  grid-1-1  first unextended no-extended-padding\" style=\"padding-top:0.05px;padding-bottom:0.05px;\" id=\"vamtam-column-eb1af754c9ae9b8dc3f59e03c20e0893\" ><div dir=\"auto\"><strong>Lo Shaker Bar da oltre quaranta anni trasmette passione!<\/strong><\/div>\n<div dir=\"auto\"><\/div>\n<div dir=\"auto\">Fondato dal barman Michele nel 1976, dopo un lungo periodo di esperienza a bordo d&#8217;imbarcazioni da crociera. Nel 1989 furono inaugurati i nuovi locali dello Shaker Bar con attrezzature moderne e spazi pi\u00f9 ampi, dove poter gustare in totale tranquillit\u00e0 le nostre specialit\u00e0 artigianali ed i migliori cocktails! Inoltre lo Shaker Bar dispone di maxi-schermo nonch\u00e9 di sala biliardo, video-games, rivendita di schede telefoniche e tanto altro ancora.<\/div>\n<div dir=\"auto\">Tramandato di generazione in generazione lo Shaker Bar, continua la sua attivit\u00e0 con l&#8217;attenzione e la dedizione di Katia e la preparazione professionale di Dominic, che ha frequentato vari corsi di specializzazione conseguendo l&#8217;iscrizione all&#8217;A.I.B.E.S (Associazione Italiana Barman e Sostenitori).<\/div><\/div><\/div>\n<div class=\"vamtam-blank-space  vamtam-hide-lowres\" style=\"height:20px\"><\/div>\n<div class=\"row \"><div class=\"vamtam-grid grid-1-1  grid-1-1  first unextended no-extended-padding\" style=\"padding-top:0.05px;padding-bottom:0.05px;\" id=\"vamtam-column-d80013ecce1f4d5d48f09f1d470c306d\" ><p style=\"text-align: center;\">\u2748<\/p><\/div><\/div><\/div><\/div><\/div><\/div>\n<div class=\"row \"><div class=\"vamtam-grid grid-1-1  vamtam-first-level grid-1-1 vamtam-add-ornaments-all first has-background extended no-extended-padding\" style=\"background-color:#ffffff;padding-top:80px;padding-bottom:80px;\" id=\"vamtam-column-ecc2bb2e26c2399bb12e7eb9555b25ce\" ><div class=\"limit-wrapper\"><div class=\"extended-column-inner\"><style>#vamtam-column-ecc2bb2e26c2399bb12e7eb9555b25ce,#vamtam-column-ecc2bb2e26c2399bb12e7eb9555b25ce p,#vamtam-column-ecc2bb2e26c2399bb12e7eb9555b25ce em,#vamtam-column-ecc2bb2e26c2399bb12e7eb9555b25ce h1,#vamtam-column-ecc2bb2e26c2399bb12e7eb9555b25ce h2,#vamtam-column-ecc2bb2e26c2399bb12e7eb9555b25ce h3,#vamtam-column-ecc2bb2e26c2399bb12e7eb9555b25ce h4,#vamtam-column-ecc2bb2e26c2399bb12e7eb9555b25ce h5,#vamtam-column-ecc2bb2e26c2399bb12e7eb9555b25ce h6,#vamtam-column-ecc2bb2e26c2399bb12e7eb9555b25ce h1 a:not(:hover),#vamtam-column-ecc2bb2e26c2399bb12e7eb9555b25ce h2 a:not(:hover),#vamtam-column-ecc2bb2e26c2399bb12e7eb9555b25ce h3 a:not(:hover),#vamtam-column-ecc2bb2e26c2399bb12e7eb9555b25ce h4 a:not(:hover),#vamtam-column-ecc2bb2e26c2399bb12e7eb9555b25ce h5 a:not(:hover),#vamtam-column-ecc2bb2e26c2399bb12e7eb9555b25ce h6 a:not(:hover),#vamtam-column-ecc2bb2e26c2399bb12e7eb9555b25ce .column-title,#vamtam-column-ecc2bb2e26c2399bb12e7eb9555b25ce .sep-text h2.regular-title-wrapper,#vamtam-column-ecc2bb2e26c2399bb12e7eb9555b25ce .text-divider-double,#vamtam-column-ecc2bb2e26c2399bb12e7eb9555b25ce .sep-text .sep-text-line,#vamtam-column-ecc2bb2e26c2399bb12e7eb9555b25ce .sep,#vamtam-column-ecc2bb2e26c2399bb12e7eb9555b25ce .sep-2,#vamtam-column-ecc2bb2e26c2399bb12e7eb9555b25ce .sep-3,#vamtam-column-ecc2bb2e26c2399bb12e7eb9555b25ce .portfolio-filters .inner-wrapper .cbp-filter-item,#vamtam-column-ecc2bb2e26c2399bb12e7eb9555b25ce .portfolio-filters .inner-wrapper .cbp-filter-item:hover,#vamtam-column-ecc2bb2e26c2399bb12e7eb9555b25ce .portfolio-filters .inner-wrapper .cbp-filter-item.cbp-filter-item-active,#vamtam-column-ecc2bb2e26c2399bb12e7eb9555b25ce td,#vamtam-column-ecc2bb2e26c2399bb12e7eb9555b25ce th,#vamtam-column-ecc2bb2e26c2399bb12e7eb9555b25ce caption{color:#333;}#vamtam-column-ecc2bb2e26c2399bb12e7eb9555b25ce:before{background-color:#fff;}#vamtam-column-ecc2bb2e26c2399bb12e7eb9555b25ce:after{background-color:#fff;}<\/style><div class=\"row \"><div class=\"vamtam-grid grid-1-3  grid-1-3  first unextended animation-fade-in animated-active no-extended-padding\" style=\"padding-top:0.05px;padding-bottom:0.05px;\" id=\"vamtam-column-88f6c844875f95bcf76da6ac1083221a\" ><h4 class=\"color-accent-1\" style=\"text-align: center;\">1977<\/h4>\n<p style=\"text-align: center;\">Apertura dello Shaker Bar.<\/p><\/div>\n<div class=\"vamtam-grid grid-1-3  grid-1-3  unextended animation-fade-in animated-active no-extended-padding\" style=\"padding-top:0.05px;padding-bottom:0.05px;\" id=\"vamtam-column-982bc848f9ad293df03fc558506aa554\" ><h4 class=\"color-accent-1\" style=\"text-align: center;\">1989<\/h4>\n<div dir=\"auto\" style=\"text-align: center;\">Inaugurazione dei nuovi locali.<\/div><\/div>\n<div class=\"vamtam-grid grid-1-3  grid-1-3  unextended animation-fade-in animated-active no-extended-padding\" style=\"padding-top:0.05px;padding-bottom:0.05px;\" id=\"vamtam-column-ed864aa3a44cc7da985fba25faefab19\" ><h4 class=\"color-accent-1\" style=\"text-align: center;\">2011<\/h4>\n<p style=\"text-align: center;\">\u00a0Dominic Garcea primo classificato al Long Drink Regionale dell&#8217;A.I.B.E.S.<\/p><\/div><\/div><\/div><\/div><\/div><\/div>\n<div class=\"row \"><div class=\"vamtam-grid grid-1-1  vamtam-first-level grid-1-1  first has-background extended no-extended-padding\" style=\"\n\t\t\t\tbackground: url( &#039;http:\/\/shakerbar.it\/wp-content\/uploads\/2022\/03\/Barman.jpg&#039; )  ;\n\t\t\t\tbackground-size: auto;\n\t\t\tbackground-color:#22272d;padding-top:0.05px;padding-bottom:0.05px;\" id=\"vamtam-column-50902868b356aa582fa8fc981ae20339\" ><div class=\"limit-wrapper\"><div class=\"extended-column-inner\"><style>#vamtam-column-50902868b356aa582fa8fc981ae20339,#vamtam-column-50902868b356aa582fa8fc981ae20339 p,#vamtam-column-50902868b356aa582fa8fc981ae20339 em,#vamtam-column-50902868b356aa582fa8fc981ae20339 h1,#vamtam-column-50902868b356aa582fa8fc981ae20339 h2,#vamtam-column-50902868b356aa582fa8fc981ae20339 h3,#vamtam-column-50902868b356aa582fa8fc981ae20339 h4,#vamtam-column-50902868b356aa582fa8fc981ae20339 h5,#vamtam-column-50902868b356aa582fa8fc981ae20339 h6,#vamtam-column-50902868b356aa582fa8fc981ae20339 h1 a:not(:hover),#vamtam-column-50902868b356aa582fa8fc981ae20339 h2 a:not(:hover),#vamtam-column-50902868b356aa582fa8fc981ae20339 h3 a:not(:hover),#vamtam-column-50902868b356aa582fa8fc981ae20339 h4 a:not(:hover),#vamtam-column-50902868b356aa582fa8fc981ae20339 h5 a:not(:hover),#vamtam-column-50902868b356aa582fa8fc981ae20339 h6 a:not(:hover),#vamtam-column-50902868b356aa582fa8fc981ae20339 .column-title,#vamtam-column-50902868b356aa582fa8fc981ae20339 .sep-text h2.regular-title-wrapper,#vamtam-column-50902868b356aa582fa8fc981ae20339 .text-divider-double,#vamtam-column-50902868b356aa582fa8fc981ae20339 .sep-text .sep-text-line,#vamtam-column-50902868b356aa582fa8fc981ae20339 .sep,#vamtam-column-50902868b356aa582fa8fc981ae20339 .sep-2,#vamtam-column-50902868b356aa582fa8fc981ae20339 .sep-3,#vamtam-column-50902868b356aa582fa8fc981ae20339 .portfolio-filters .inner-wrapper .cbp-filter-item,#vamtam-column-50902868b356aa582fa8fc981ae20339 .portfolio-filters .inner-wrapper .cbp-filter-item:hover,#vamtam-column-50902868b356aa582fa8fc981ae20339 .portfolio-filters .inner-wrapper .cbp-filter-item.cbp-filter-item-active,#vamtam-column-50902868b356aa582fa8fc981ae20339 td,#vamtam-column-50902868b356aa582fa8fc981ae20339 th,#vamtam-column-50902868b356aa582fa8fc981ae20339 caption{color:#f4f4f4;}<\/style><div class=\"row \"><div class=\"vamtam-grid grid-1-2  grid-1-2  first unextended animation-fade-in animated-active no-extended-padding\" style=\"padding-top:0.05px;padding-bottom:0.05px;\" id=\"vamtam-column-d8844c5cf3411bd7e030d7b9bab2423f\" ><\/div>\n<div class=\"vamtam-grid grid-1-2  grid-1-2  unextended animation-fade-in animated-active no-extended-padding\" style=\"padding-top:0.05px;padding-bottom:0.05px;\" id=\"vamtam-column-dce4ccaba8041576119d2c3f4240150c\" ><span class=\"vamtam-blank-space \" style=\"height:70px\"><\/span>\n<h2 style=\"text-align: center;\">Dominic Garcea<\/h2>\n<h6 class=\"vamtam-font-style-2 with-color\" style=\"text-align: center;\">Il nostro barman<\/h6>\n<p style=\"text-align: center;\">\u201cSono cresciuto dietro il Bancone del bar di famiglia, appassionandomi alla creazione di nuovi cocktails ed alle combinazioni di sapori. Negli ultimi 15 anni ho partecipato a diverse gare AIBES, regionali e nazionali, ampliando le mie<br \/>\nconoscenze. Amo il mio lavoro e lo svolgo ricercando nuove combinazioni per stupire i nostri clienti.&#8221;<\/p>\n<p><img loading=\"lazy\" decoding=\"async\" class=\"wp-image-987869 aligncenter\" src=\"http:\/\/shakerbar.it\/wp-content\/uploads\/2022\/03\/image-0000neg-280x300.png\" alt=\"\" width=\"180\" height=\"193\" srcset=\"https:\/\/shakerbar.it\/wp-content\/uploads\/2022\/03\/image-0000neg-280x300.png 280w, https:\/\/shakerbar.it\/wp-content\/uploads\/2022\/03\/image-0000neg-615x659.png 615w, https:\/\/shakerbar.it\/wp-content\/uploads\/2022\/03\/image-0000neg-400x429.png 400w, https:\/\/shakerbar.it\/wp-content\/uploads\/2022\/03\/image-0000neg-292x313.png 292w, https:\/\/shakerbar.it\/wp-content\/uploads\/2022\/03\/image-0000neg-585x627.png 585w, https:\/\/shakerbar.it\/wp-content\/uploads\/2022\/03\/image-0000neg.png 767w\" sizes=\"auto, (max-width: 180px) 100vw, 180px\" \/><br \/>\n<span class=\"vamtam-blank-space \" style=\"height:20px\"><\/span><\/div><\/div><\/div><\/div><\/div><\/div>\n<div class=\"vamtam-blank-space \" style=\"height:30px\"><\/div>\n<div class=\"vamtam-blank-space  vamtam-hide-lowres\" style=\"height:60px\"><\/div>\n<div class=\"row \"><div class=\"vamtam-grid grid-1-1  vamtam-first-level grid-1-1  first extended-content unextended no-extended-padding\" style=\"padding-top:0.05px;padding-bottom:0.05px;\" id=\"vamtam-column-3ad50da62fcbb2dd71e75dc2e9050556\" ><div class=\"extended-column-inner\"><\/div><\/div><\/div>\n<div class=\"limit-wrapper\"><div class=\"row \"><div class=\"vamtam-grid grid-1-6  vamtam-first-level grid-1-6  first vamtam-hide-lowres unextended no-extended-padding\" style=\"padding-top:0.05px;padding-bottom:0.05px;\" id=\"vamtam-column-5d25482b3babc6dc7e4f94c8dd732116\" ><div class=\"row \"><div class=\"vamtam-grid grid-1-1  grid-1-1  first unextended animation-fade-in animated-active has-extended-padding\" style=\"padding-top:0.05px;padding-bottom:0.05px;\" id=\"vamtam-column-3ced70f7d1efec2eea2665ef90b1fa69\" ><\/div><\/div><\/div>\n<div class=\"vamtam-grid grid-2-3  vamtam-first-level grid-2-3  unextended animation-fade-in animated-active no-extended-padding\" style=\"padding-top:0.05px;padding-bottom:0.05px;\" id=\"vamtam-column-fc33c9a86b3eae11abcec38a55a6e43b\" ><h4 style=\"text-align: center;\">Premi<\/h4>\n<p style=\"text-align: center;\">Nel maggio 2011 Dominic ha vinto il premio Long Drink &#8220;Barman Regione Calabria&#8221;, andando cosi alle finali nazionali a Rimini, classificandosi terzo.<\/p>\n<p><img loading=\"lazy\" decoding=\"async\" class=\"wp-image-987876 aligncenter\" src=\"http:\/\/shakerbar.it\/wp-content\/uploads\/2022\/03\/Loghiu\u0300-300x83.jpg\" alt=\"\" width=\"470\" height=\"130\" srcset=\"https:\/\/shakerbar.it\/wp-content\/uploads\/2022\/03\/Loghiu\u0300-300x83.jpg 300w, https:\/\/shakerbar.it\/wp-content\/uploads\/2022\/03\/Loghiu\u0300-615x171.jpg 615w, https:\/\/shakerbar.it\/wp-content\/uploads\/2022\/03\/Loghiu\u0300-400x111.jpg 400w, https:\/\/shakerbar.it\/wp-content\/uploads\/2022\/03\/Loghiu\u0300-800x222.jpg 800w, https:\/\/shakerbar.it\/wp-content\/uploads\/2022\/03\/Loghiu\u0300-292x81.jpg 292w, https:\/\/shakerbar.it\/wp-content\/uploads\/2022\/03\/Loghiu\u0300-585x163.jpg 585w, https:\/\/shakerbar.it\/wp-content\/uploads\/2022\/03\/Loghiu\u0300.jpg 939w\" sizes=\"auto, (max-width: 470px) 100vw, 470px\" \/><\/p>\n<span class=\"vamtam-blank-space \" style=\"height:20px\"><\/span>\n<p style=\"text-align: center;\"><\/div><\/div><\/div>\n<div class=\"limit-wrapper\"><div class=\"row \"><div class=\"vamtam-grid grid-1-1  vamtam-first-level grid-1-1  first unextended has-extended-padding\" style=\"padding-top:0.05px;padding-bottom:0.05px;\" id=\"vamtam-column-63a2082bfc313b4debb1f2f73f48ba04\" ><div class=\"row \"><div class=\"vamtam-grid grid-1-1  grid-1-1  first extended-content unextended no-extended-padding\" style=\"padding-top:0.05px;padding-bottom:0.05px;\" id=\"vamtam-column-0efdef163ce36c7dd6bddd5832650922\" ><div class=\"extended-column-inner\"><div class=\"sep\"><\/div>\n<div class=\"vamtam-blank-space  vamtam-hide-lowres\" style=\"height:60px\"><\/div><\/div><\/div><\/div>\n<div class=\"row \"><div class=\"vamtam-grid grid-1-1  grid-1-1  first unextended no-extended-padding\" style=\"padding-top:0.05px;padding-bottom:0.05px;\" id=\"vamtam-column-f7d57da964240816128f948f8008949d\" >Jetpack_Portfolio not found.<\/div><\/div><\/div><\/div><\/div>\n<div class=\"vamtam-blank-space  vamtam-hide-lowres\" style=\"height:60px\"><\/div>\n<div class=\"limit-wrapper\"><div class=\"sep\"><\/div><\/div>\n","protected":false},"excerpt":{"rendered":"<p>Baristi per Passione da due Generazioni La tradizione iniziata da Michele e Marianna portata avanti da Dominic e Katia \u2748 Lo Shaker Bar da oltre quaranta anni trasmette passione! Fondato dal barman Michele nel 1976, dopo un lungo periodo di&#8230;<\/p>\n","protected":false},"author":1,"featured_media":0,"parent":0,"menu_order":0,"comment_status":"closed","ping_status":"closed","template":"","meta":{"footnotes":""},"class_list":["post-7778","page","type-page","status-publish","hentry"],"yoast_head":"<!-- This site is optimized with the Yoast SEO plugin v25.6 - https:\/\/yoast.com\/wordpress\/plugins\/seo\/ -->\n<title>Chi Siamo - Shaker Bar - La nostra storia -Baristi da generazioni<\/title>\n<meta name=\"description\" content=\"Lo Shaker Bar da oltre quaranta anni trasmette passione! Fondato da Michele nel 1976. Nel 1989 furono inaugurati i nuovi locali del Bar.\" \/>\n<meta name=\"robots\" content=\"index, follow, max-snippet:-1, max-image-preview:large, max-video-preview:-1\" \/>\n<link rel=\"canonical\" href=\"https:\/\/shakerbar.it\/index.php\/chi-siamo\/\" \/>\n<meta property=\"og:locale\" content=\"it_IT\" \/>\n<meta property=\"og:type\" content=\"article\" \/>\n<meta property=\"og:title\" content=\"Chi Siamo - Shaker Bar - La nostra storia -Baristi da generazioni\" \/>\n<meta property=\"og:description\" content=\"Lo Shaker Bar da oltre quaranta anni trasmette passione! Fondato da Michele nel 1976. Nel 1989 furono inaugurati i nuovi locali del Bar.\" \/>\n<meta property=\"og:url\" content=\"https:\/\/shakerbar.it\/index.php\/chi-siamo\/\" \/>\n<meta property=\"og:site_name\" content=\"ShakerBar\" \/>\n<meta property=\"article:modified_time\" content=\"2023-02-10T15:24:03+00:00\" \/>\n<meta property=\"og:image\" content=\"http:\/\/shakerbar.it\/wp-content\/themes\/vip-restaurant\/samples\/images\/arrow-long-down.svg\" \/>\n<meta name=\"twitter:card\" content=\"summary_large_image\" \/>\n<meta name=\"twitter:label1\" content=\"Tempo di lettura stimato\" \/>\n\t<meta name=\"twitter:data1\" content=\"5 minuti\" \/>\n<script type=\"application\/ld+json\" class=\"yoast-schema-graph\">{\"@context\":\"https:\/\/schema.org\",\"@graph\":[{\"@type\":\"WebPage\",\"@id\":\"https:\/\/shakerbar.it\/index.php\/chi-siamo\/\",\"url\":\"https:\/\/shakerbar.it\/index.php\/chi-siamo\/\",\"name\":\"Chi Siamo - Shaker Bar - La nostra storia -Baristi da generazioni\",\"isPartOf\":{\"@id\":\"https:\/\/shakerbar.it\/#website\"},\"primaryImageOfPage\":{\"@id\":\"https:\/\/shakerbar.it\/index.php\/chi-siamo\/#primaryimage\"},\"image\":{\"@id\":\"https:\/\/shakerbar.it\/index.php\/chi-siamo\/#primaryimage\"},\"thumbnailUrl\":\"http:\/\/shakerbar.it\/wp-content\/themes\/vip-restaurant\/samples\/images\/arrow-long-down.svg\",\"datePublished\":\"2014-04-23T10:38:38+00:00\",\"dateModified\":\"2023-02-10T15:24:03+00:00\",\"description\":\"Lo Shaker Bar da oltre quaranta anni trasmette passione! Fondato da Michele nel 1976. Nel 1989 furono inaugurati i nuovi locali del Bar.\",\"breadcrumb\":{\"@id\":\"https:\/\/shakerbar.it\/index.php\/chi-siamo\/#breadcrumb\"},\"inLanguage\":\"it-IT\",\"potentialAction\":[{\"@type\":\"ReadAction\",\"target\":[\"https:\/\/shakerbar.it\/index.php\/chi-siamo\/\"]}]},{\"@type\":\"ImageObject\",\"inLanguage\":\"it-IT\",\"@id\":\"https:\/\/shakerbar.it\/index.php\/chi-siamo\/#primaryimage\",\"url\":\"http:\/\/shakerbar.it\/wp-content\/themes\/vip-restaurant\/samples\/images\/arrow-long-down.svg\",\"contentUrl\":\"http:\/\/shakerbar.it\/wp-content\/themes\/vip-restaurant\/samples\/images\/arrow-long-down.svg\"},{\"@type\":\"BreadcrumbList\",\"@id\":\"https:\/\/shakerbar.it\/index.php\/chi-siamo\/#breadcrumb\",\"itemListElement\":[{\"@type\":\"ListItem\",\"position\":1,\"name\":\"Home\",\"item\":\"https:\/\/shakerbar.it\/\"},{\"@type\":\"ListItem\",\"position\":2,\"name\":\"Chi Siamo\"}]},{\"@type\":\"WebSite\",\"@id\":\"https:\/\/shakerbar.it\/#website\",\"url\":\"https:\/\/shakerbar.it\/\",\"name\":\"ShakerBar\",\"description\":\"dal 1977\",\"potentialAction\":[{\"@type\":\"SearchAction\",\"target\":{\"@type\":\"EntryPoint\",\"urlTemplate\":\"https:\/\/shakerbar.it\/?s={search_term_string}\"},\"query-input\":{\"@type\":\"PropertyValueSpecification\",\"valueRequired\":true,\"valueName\":\"search_term_string\"}}],\"inLanguage\":\"it-IT\"}]}<\/script>\n<!-- \/ Yoast SEO plugin. -->","yoast_head_json":{"title":"Chi Siamo - Shaker Bar - La nostra storia -Baristi da generazioni","description":"Lo Shaker Bar da oltre quaranta anni trasmette passione! Fondato da Michele nel 1976. Nel 1989 furono inaugurati i nuovi locali del Bar.","robots":{"index":"index","follow":"follow","max-snippet":"max-snippet:-1","max-image-preview":"max-image-preview:large","max-video-preview":"max-video-preview:-1"},"canonical":"https:\/\/shakerbar.it\/index.php\/chi-siamo\/","og_locale":"it_IT","og_type":"article","og_title":"Chi Siamo - Shaker Bar - La nostra storia -Baristi da generazioni","og_description":"Lo Shaker Bar da oltre quaranta anni trasmette passione! Fondato da Michele nel 1976. Nel 1989 furono inaugurati i nuovi locali del Bar.","og_url":"https:\/\/shakerbar.it\/index.php\/chi-siamo\/","og_site_name":"ShakerBar","article_modified_time":"2023-02-10T15:24:03+00:00","og_image":[{"url":"http:\/\/shakerbar.it\/wp-content\/themes\/vip-restaurant\/samples\/images\/arrow-long-down.svg","type":"","width":"","height":""}],"twitter_card":"summary_large_image","twitter_misc":{"Tempo di lettura stimato":"5 minuti"},"schema":{"@context":"https:\/\/schema.org","@graph":[{"@type":"WebPage","@id":"https:\/\/shakerbar.it\/index.php\/chi-siamo\/","url":"https:\/\/shakerbar.it\/index.php\/chi-siamo\/","name":"Chi Siamo - Shaker Bar - La nostra storia -Baristi da generazioni","isPartOf":{"@id":"https:\/\/shakerbar.it\/#website"},"primaryImageOfPage":{"@id":"https:\/\/shakerbar.it\/index.php\/chi-siamo\/#primaryimage"},"image":{"@id":"https:\/\/shakerbar.it\/index.php\/chi-siamo\/#primaryimage"},"thumbnailUrl":"http:\/\/shakerbar.it\/wp-content\/themes\/vip-restaurant\/samples\/images\/arrow-long-down.svg","datePublished":"2014-04-23T10:38:38+00:00","dateModified":"2023-02-10T15:24:03+00:00","description":"Lo Shaker Bar da oltre quaranta anni trasmette passione! Fondato da Michele nel 1976. Nel 1989 furono inaugurati i nuovi locali del Bar.","breadcrumb":{"@id":"https:\/\/shakerbar.it\/index.php\/chi-siamo\/#breadcrumb"},"inLanguage":"it-IT","potentialAction":[{"@type":"ReadAction","target":["https:\/\/shakerbar.it\/index.php\/chi-siamo\/"]}]},{"@type":"ImageObject","inLanguage":"it-IT","@id":"https:\/\/shakerbar.it\/index.php\/chi-siamo\/#primaryimage","url":"http:\/\/shakerbar.it\/wp-content\/themes\/vip-restaurant\/samples\/images\/arrow-long-down.svg","contentUrl":"http:\/\/shakerbar.it\/wp-content\/themes\/vip-restaurant\/samples\/images\/arrow-long-down.svg"},{"@type":"BreadcrumbList","@id":"https:\/\/shakerbar.it\/index.php\/chi-siamo\/#breadcrumb","itemListElement":[{"@type":"ListItem","position":1,"name":"Home","item":"https:\/\/shakerbar.it\/"},{"@type":"ListItem","position":2,"name":"Chi Siamo"}]},{"@type":"WebSite","@id":"https:\/\/shakerbar.it\/#website","url":"https:\/\/shakerbar.it\/","name":"ShakerBar","description":"dal 1977","potentialAction":[{"@type":"SearchAction","target":{"@type":"EntryPoint","urlTemplate":"https:\/\/shakerbar.it\/?s={search_term_string}"},"query-input":{"@type":"PropertyValueSpecification","valueRequired":true,"valueName":"search_term_string"}}],"inLanguage":"it-IT"}]}},"_links":{"self":[{"href":"https:\/\/shakerbar.it\/index.php\/wp-json\/wp\/v2\/pages\/7778","targetHints":{"allow":["GET"]}}],"collection":[{"href":"https:\/\/shakerbar.it\/index.php\/wp-json\/wp\/v2\/pages"}],"about":[{"href":"https:\/\/shakerbar.it\/index.php\/wp-json\/wp\/v2\/types\/page"}],"author":[{"embeddable":true,"href":"https:\/\/shakerbar.it\/index.php\/wp-json\/wp\/v2\/users\/1"}],"replies":[{"embeddable":true,"href":"https:\/\/shakerbar.it\/index.php\/wp-json\/wp\/v2\/comments?post=7778"}],"version-history":[{"count":44,"href":"https:\/\/shakerbar.it\/index.php\/wp-json\/wp\/v2\/pages\/7778\/revisions"}],"predecessor-version":[{"id":988217,"href":"https:\/\/shakerbar.it\/index.php\/wp-json\/wp\/v2\/pages\/7778\/revisions\/988217"}],"wp:attachment":[{"href":"https:\/\/shakerbar.it\/index.php\/wp-json\/wp\/v2\/media?parent=7778"}],"curies":[{"name":"wp","href":"https:\/\/api.w.org\/{rel}","templated":true}]}}